{"id":2989,"date":"2022-11-16T14:36:11","date_gmt":"2022-11-16T14:36:11","guid":{"rendered":"https:\/\/itwindustrialsolutions.com\/rechtliches\/"},"modified":"2022-11-25T09:42:58","modified_gmt":"2022-11-25T09:42:58","slug":"rechtliches","status":"publish","type":"page","link":"https:\/\/itwindustrialsolutions.com\/de\/rechtliches\/","title":{"rendered":"Rechtliches"},"content":{"rendered":"\n<p>Willkommen auf unserer Webseite. Wenn Sie diese Website weiterhin durchsuchen und nutzen, stimmen Sie zu, die folgenden Nutzungsbedingungen einzuhalten und an diese gebunden zu sein, die zusammen mit unserer Datenschutzrichtlinie die Beziehung von ITW LLC &amp; Co. KG zu Ihnen in Bezug auf diese Website regeln. Wenn Sie mit irgendeinem Teil dieser Gesch\u00e4ftsbedingungen nicht einverstanden sind, verwenden Sie unsere Website bitte nicht.  <br\/><br\/>Der Begriff &#8222;ITW LLC &amp; Co. KG&#8216; oder &#8218;wir&#8216; oder &#8218;wir&#8216; bezieht sich auf den Eigent\u00fcmer der Website, dessen eingetragener Sitz Am Eichenbach 1473054 Eislingen\/Fils ist. Unser Unternehmen ist unter der Nummer HRB17486 registriert. Der Begriff &#8222;Sie&#8220; bezieht sich auf den Nutzer oder Betrachter unserer Website.<\/p>\n\n<h3 class=\"wp-block-heading\" id=\"the-use-of-this-website-is-subject-to-the-following-terms-of-use\"><strong>Die Nutzung dieser Website unterliegt den folgenden Nutzungsbedingungen:<\/strong><\/h3>\n\n<p>Der Inhalt der Seiten dieser Website dient nur Ihrer allgemeinen Information und Nutzung. \u00c4nderungen vorbehalten. <\/p>\n\n<p>Diese Website verwendet Cookies, um die Browsereinstellungen zu \u00fcberwachen. Wenn Sie die Verwendung von Cookies zulassen, k\u00f6nnen die folgenden personenbezogenen Daten von uns gespeichert werden. <\/p>\n\n<p>Weder wir noch Dritte \u00fcbernehmen eine Gew\u00e4hrleistung oder Garantie hinsichtlich der Genauigkeit, Aktualit\u00e4t, Leistung, Vollst\u00e4ndigkeit oder Eignung der auf dieser Website gefundenen oder angebotenen Informationen und Materialien f\u00fcr einen bestimmten Zweck. Sie erkennen an, dass solche Informationen und Materialien Ungenauigkeiten oder Fehler enthalten k\u00f6nnen, und wir schlie\u00dfen ausdr\u00fccklich die Haftung f\u00fcr solche Ungenauigkeiten oder Fehler im gesetzlich zul\u00e4ssigen Umfang aus. <\/p>\n\n<p>Ihre Nutzung von Informationen oder Materialien auf dieser Website erfolgt ausschlie\u00dflich auf Ihr eigenes Risiko, f\u00fcr das wir nicht haftbar sind. Es liegt in Ihrer eigenen Verantwortung, sicherzustellen, dass alle Produkte, Dienstleistungen oder Informationen, die \u00fcber diese Website verf\u00fcgbar sind, Ihren spezifischen Anforderungen entsprechen. <\/p>\n\n<p>Diese Website enth\u00e4lt Material, das uns geh\u00f6rt oder an uns lizenziert ist. Dieses Material umfasst, ist aber nicht beschr\u00e4nkt auf Design, Layout, Aussehen, Erscheinungsbild und Grafiken. Die Vervielf\u00e4ltigung ist au\u00dfer in \u00dcbereinstimmung mit dem Urheberrechtshinweis, der Bestandteil dieser Gesch\u00e4ftsbedingungen ist, untersagt.  <\/p>\n\n<p>Alle auf dieser Website wiedergegebenen Warenzeichen, die nicht Eigentum des Betreibers sind oder an ihn lizenziert sind, werden auf der Website anerkannt.<\/p>\n\n<p>Die unbefugte Nutzung dieser Website kann Schadensersatzanspr\u00fcche begr\u00fcnden und\/oder strafbar sein.<\/p>\n\n<p>Von Zeit zu Zeit kann diese Website auch Links zu anderen Websites enthalten. Diese Links werden Ihnen zur Bereitstellung weiterer Informationen zur Verf\u00fcgung gestellt. Sie bedeuten nicht, dass wir die Website(s) unterst\u00fctzen. Wir \u00fcbernehmen keine Verantwortung f\u00fcr den Inhalt der verlinkten Website(s).   <\/p>\n\n<p>Ihre Nutzung dieser Website und alle Streitigkeiten, die sich aus einer solchen Nutzung der Website ergeben, unterliegen deutschem Recht.<\/p>\n","protected":false},"excerpt":{"rendered":"<p>Willkommen auf unserer Webseite. Wenn Sie diese Website weiterhin durchsuchen und nutzen, stimmen Sie zu, die folgenden Nutzungsbedingungen einzuhalten und an diese gebunden zu sein, die zusammen mit unserer Datenschutzrichtlinie die Beziehung von ITW LLC &amp; Co. KG zu Ihnen in Bezug auf diese Website regeln. Wenn Sie mit irgendeinem Teil dieser Gesch\u00e4ftsbedingungen nicht einverstanden [&hellip;]<\/p>\n","protected":false},"author":5,"featured_media":3388,"parent":0,"menu_order":0,"comment_status":"closed","ping_status":"closed","template":"","meta":{"_acf_changed":false,"content-type":"","ghostkit_customizer_options":"","ghostkit_custom_css":"","ghostkit_custom_js_head":"","ghostkit_custom_js_foot":"","ghostkit_typography":"","footnotes":""},"class_list":["post-2989","page","type-page","status-publish","has-post-thumbnail","hentry"],"blocksy_meta":{"page_title_panel":"","has_hero_section":"default","5a9340aee39af55b4ca5d691105f823b":"","hero_section":"type-1","hero_elements":[{"id":"custom_title","enabled":true,"heading_tag":"h1","title":"Home"},{"id":"custom_description","enabled":true,"description_visibility":{"desktop":true,"tablet":true,"mobile":false}},{"id":"custom_meta","enabled":false,"meta_elements":[{"id":"author","enabled":true,"label":"By","has_author_avatar":"yes","avatar_size":25},{"id":"post_date","enabled":true,"label":"On","date_format_source":"default","date_format":"M j, Y"},{"id":"updated_date","enabled":false,"label":"On","date_format_source":"default","date_format":"M j, Y"},{"id":"categories","enabled":false,"label":"In","style":"simple"},{"id":"comments","enabled":true}],"page_meta_elements":{"joined":true,"articles_count":true,"comments":true}},{"id":"breadcrumbs","enabled":false}],"5b2a771e18cc4109237ef2d100040973":"","hero_alignment1":"CT_CSS_SKIP_RULE","hero_margin":40,"hero_alignment2":"center","hero_vertical_alignment":"center","bc9bc779aa4c866be13a52c7b70a8ab6":"","hero_structure":"narrow","214cd38d7f815a878f17e75023e61728":"","page_title_bg_type":"featured_image","custom_hero_background":{"attachment_id":null},"page_title_image_size":"full","parallax":{"desktop":false,"tablet":false,"mobile":false},"d53758abb928d3c01579201d82c7cdc3":"","hero_height":"250px","pageTitleFont":{"family":"Default","variation":"Default","size":"30px","line-height":"CT_CSS_SKIP_RULE","letter-spacing":"CT_CSS_SKIP_RULE","text-transform":"CT_CSS_SKIP_RULE","text-decoration":"CT_CSS_SKIP_RULE"},"pageTitleFontColor":{"default":{"color":"CT_CSS_SKIP_RULEDEFAULT"}},"pageMetaFont":{"family":"Default","variation":"n6","size":"12px","line-height":"1.3","letter-spacing":"CT_CSS_SKIP_RULE","text-transform":"uppercase","text-decoration":"CT_CSS_SKIP_RULE"},"pageMetaFontColor":{"default":{"color":"CT_CSS_SKIP_RULEDEFAULT"},"hover":{"color":"CT_CSS_SKIP_RULEDEFAULT"}},"page_meta_button_type_font_colors":{"default":{"color":"CT_CSS_SKIP_RULEDEFAULT"},"hover":{"color":"CT_CSS_SKIP_RULEDEFAULT"}},"page_meta_button_type_background_colors":{"default":{"color":"CT_CSS_SKIP_RULEDEFAULT"},"hover":{"color":"CT_CSS_SKIP_RULEDEFAULT"}},"pageExcerptFont":{"family":"Default","variation":"Default","size":"CT_CSS_SKIP_RULE","line-height":"CT_CSS_SKIP_RULE","letter-spacing":"CT_CSS_SKIP_RULE","text-transform":"CT_CSS_SKIP_RULE","text-decoration":"CT_CSS_SKIP_RULE"},"pageExcerptColor":{"default":{"color":"CT_CSS_SKIP_RULEDEFAULT"}},"breadcrumbsFont":{"family":"Default","variation":"Default","size":"CT_CSS_SKIP_RULE","line-height":"CT_CSS_SKIP_RULE","letter-spacing":"CT_CSS_SKIP_RULE","text-transform":"CT_CSS_SKIP_RULE","text-decoration":"CT_CSS_SKIP_RULE"},"breadcrumbsFontColor":{"default":{"color":"CT_CSS_SKIP_RULEDEFAULT"},"initial":{"color":"CT_CSS_SKIP_RULEDEFAULT"},"hover":{"color":"CT_CSS_SKIP_RULEDEFAULT"}},"pageTitleOverlay":{"background_type":"color","background_pattern":"type-1","background_image":{"attachment_id":null,"x":0,"y":0},"gradient":"linear-gradient(135deg,rgba(6,147,227,1) 0%,rgb(155,81,224) 100%)","background_repeat":"repeat","background_size":"auto","background_attachment":"scroll","patternColor":{"default":{"color":"#e5e7ea"}},"overlayColor":{"default":{"color":"CT_CSS_SKIP_RULE"}},"backgroundColor":{"default":{"color":"CT_CSS_SKIP_RULE"}}},"pageTitleBackground":{"background_type":"color","background_pattern":"type-1","background_image":{"attachment_id":null,"x":0,"y":0},"gradient":"linear-gradient(135deg,rgba(6,147,227,1) 0%,rgb(155,81,224) 100%)","background_repeat":"repeat","background_size":"auto","background_attachment":"scroll","patternColor":{"default":{"color":"#e5e7ea"}},"overlayColor":{"default":{"color":"CT_CSS_SKIP_RULE"}},"backgroundColor":{"default":{"color":"var(--theme-palette-color-6)"}}},"pageTitlePadding":{"top":"50px","bottom":"50px","left":"auto","right":"auto","linked":true},"8892170886f7f1e0b403d47d7e5af222":"","page_structure_type":"type-1","f098090bf651da03c2fa1852a67fb07c":"","content_style_source":"inherit","content_style":"wide","vertical_spacing_source":"custom","content_area_spacing":"both","background":{"background_type":"color","background_pattern":"type-1","background_image":{"attachment_id":null,"x":0,"y":0},"gradient":"linear-gradient(135deg,rgba(6,147,227,1) 0%,rgb(155,81,224) 100%)","background_repeat":"repeat","background_size":"auto","background_attachment":"scroll","patternColor":{"default":{"color":"#e5e7ea"}},"overlayColor":{"default":{"color":"CT_CSS_SKIP_RULE"}},"backgroundColor":{"default":{"color":"CT_CSS_SKIP_RULE"}}},"content_background":{"background_type":"color","background_pattern":"type-1","background_image":{"attachment_id":null,"x":0,"y":0},"gradient":"linear-gradient(135deg,rgba(6,147,227,1) 0%,rgb(155,81,224) 100%)","background_repeat":"repeat","background_size":"auto","background_attachment":"scroll","patternColor":{"default":{"color":"#e5e7ea"}},"overlayColor":{"default":{"color":"CT_CSS_SKIP_RULE"}},"backgroundColor":{"default":{"color":"var(--theme-palette-color-8)"}}},"content_boxed_shadow":{"inherit":false,"blur":18,"spread":-6,"v_offset":12,"h_offset":0,"inset":false,"enable":true,"color":{"color":"rgba(34, 56, 101, 0.04)"}},"content_boxed_border":{"width":1,"style":"none","color":{"color":"rgba(44,62,80,0.2)"}},"content_boxed_radius":{"top":"3px","bottom":"3px","left":"3px","right":"3px","linked":true},"boxed_content_spacing":{"desktop":{"top":"40px","bottom":"40px","left":"40px","right":"40px","linked":true},"tablet":{"top":"35px","bottom":"35px","left":"35px","right":"35px","linked":true},"mobile":{"top":"20px","bottom":"20px","left":"20px","right":"20px","linked":true}},"8d6f1fd8dd55905c40cbda94a2eddeca":"","disable_featured_image":"no","disable_share_box":"no","disable_header":"no","disable_footer":"no","styles_descriptor":{"styles":{"desktop":"","tablet":"","mobile":""},"google_fonts":[],"version":6},"82d0aa906c007386be51ee7a7ddc307c":"","23c3f0609eb29d61271f4645af457c91":"","176a4c348174b5a24b365f13500b359a":"","e7f970f229063792381ac463d57f5a06":"","4537552989e78725bb61484f1f8c8dfd":"","e80f6964bc339aa2303a3c1a3b87ec51":"","f7e710e6b1b81c7b7f936172aec73479":"","61300d61bbb197bbee336c3ea8f62bcc":""},"acf":[],"yoast_head":"<!-- This site is optimized with the Yoast SEO plugin v27.4 - https:\/\/yoast.com\/product\/yoast-seo-wordpress\/ -->\n<title>Rechtliches - ITW Industrial Solutions<\/title>\n<meta name=\"robots\" content=\"index, follow, max-snippet:-1, max-image-preview:large, max-video-preview:-1\" \/>\n<link rel=\"canonical\" href=\"https:\/\/itwindustrialsolutions.com\/de\/rechtliches\/\" \/>\n<meta property=\"og:locale\" content=\"de_DE\" \/>\n<meta property=\"og:type\" content=\"article\" \/>\n<meta property=\"og:title\" content=\"Rechtliches - ITW Industrial Solutions\" \/>\n<meta property=\"og:description\" content=\"Willkommen auf unserer Webseite. Wenn Sie diese Website weiterhin durchsuchen und nutzen, stimmen Sie zu, die folgenden Nutzungsbedingungen einzuhalten und an diese gebunden zu sein, die zusammen mit unserer Datenschutzrichtlinie die Beziehung von ITW LLC &amp; Co. KG zu Ihnen in Bezug auf diese Website regeln. Wenn Sie mit irgendeinem Teil dieser Gesch\u00e4ftsbedingungen nicht einverstanden [&hellip;]\" \/>\n<meta property=\"og:url\" content=\"https:\/\/itwindustrialsolutions.com\/de\/rechtliches\/\" \/>\n<meta property=\"og:site_name\" content=\"ITW Industrial Solutions\" \/>\n<meta property=\"article:modified_time\" content=\"2022-11-25T09:42:58+00:00\" \/>\n<meta property=\"og:image\" content=\"https:\/\/itwindustrialsolutions.com\/wp-content\/uploads\/2022\/12\/metal-marking-inks-jpg.webp\" \/>\n\t<meta property=\"og:image:width\" content=\"1920\" \/>\n\t<meta property=\"og:image:height\" content=\"1274\" \/>\n\t<meta property=\"og:image:type\" content=\"image\/jpeg\" \/>\n<meta name=\"twitter:card\" content=\"summary_large_image\" \/>\n<meta name=\"twitter:label1\" content=\"Gesch\u00e4tzte Lesezeit\" \/>\n\t<meta name=\"twitter:data1\" content=\"2\u00a0Minuten\" \/>\n<script type=\"application\/ld+json\" class=\"yoast-schema-graph\">{\"@context\":\"https:\\\/\\\/schema.org\",\"@graph\":[{\"@type\":\"WebPage\",\"@id\":\"https:\\\/\\\/itwindustrialsolutions.com\\\/de\\\/rechtliches\\\/\",\"url\":\"https:\\\/\\\/itwindustrialsolutions.com\\\/de\\\/rechtliches\\\/\",\"name\":\"Rechtliches - ITW Industrial Solutions\",\"isPartOf\":{\"@id\":\"https:\\\/\\\/itwindustrialsolutions.com\\\/de\\\/#website\"},\"primaryImageOfPage\":{\"@id\":\"https:\\\/\\\/itwindustrialsolutions.com\\\/de\\\/rechtliches\\\/#primaryimage\"},\"image\":{\"@id\":\"https:\\\/\\\/itwindustrialsolutions.com\\\/de\\\/rechtliches\\\/#primaryimage\"},\"thumbnailUrl\":\"https:\\\/\\\/itwindustrialsolutions.com\\\/wp-content\\\/uploads\\\/2022\\\/12\\\/metal-marking-inks-jpg.webp\",\"datePublished\":\"2022-11-16T14:36:11+00:00\",\"dateModified\":\"2022-11-25T09:42:58+00:00\",\"breadcrumb\":{\"@id\":\"https:\\\/\\\/itwindustrialsolutions.com\\\/de\\\/rechtliches\\\/#breadcrumb\"},\"inLanguage\":\"de\",\"potentialAction\":[{\"@type\":\"ReadAction\",\"target\":[\"https:\\\/\\\/itwindustrialsolutions.com\\\/de\\\/rechtliches\\\/\"]}]},{\"@type\":\"ImageObject\",\"inLanguage\":\"de\",\"@id\":\"https:\\\/\\\/itwindustrialsolutions.com\\\/de\\\/rechtliches\\\/#primaryimage\",\"url\":\"https:\\\/\\\/itwindustrialsolutions.com\\\/wp-content\\\/uploads\\\/2022\\\/12\\\/metal-marking-inks-jpg.webp\",\"contentUrl\":\"https:\\\/\\\/itwindustrialsolutions.com\\\/wp-content\\\/uploads\\\/2022\\\/12\\\/metal-marking-inks-jpg.webp\",\"width\":1920,\"height\":1274},{\"@type\":\"BreadcrumbList\",\"@id\":\"https:\\\/\\\/itwindustrialsolutions.com\\\/de\\\/rechtliches\\\/#breadcrumb\",\"itemListElement\":[{\"@type\":\"ListItem\",\"position\":1,\"name\":\"Heim\",\"item\":\"https:\\\/\\\/itwindustrialsolutions.com\\\/de\\\/\"},{\"@type\":\"ListItem\",\"position\":2,\"name\":\"Rechtliches\"}]},{\"@type\":\"WebSite\",\"@id\":\"https:\\\/\\\/itwindustrialsolutions.com\\\/de\\\/#website\",\"url\":\"https:\\\/\\\/itwindustrialsolutions.com\\\/de\\\/\",\"name\":\"ITW Industrial Solutions\",\"description\":\"ITW Industrial Solutions\",\"publisher\":{\"@id\":\"https:\\\/\\\/itwindustrialsolutions.com\\\/de\\\/#organization\"},\"potentialAction\":[{\"@type\":\"SearchAction\",\"target\":{\"@type\":\"EntryPoint\",\"urlTemplate\":\"https:\\\/\\\/itwindustrialsolutions.com\\\/de\\\/?s={search_term_string}\"},\"query-input\":{\"@type\":\"PropertyValueSpecification\",\"valueRequired\":true,\"valueName\":\"search_term_string\"}}],\"inLanguage\":\"de\"},{\"@type\":\"Organization\",\"@id\":\"https:\\\/\\\/itwindustrialsolutions.com\\\/de\\\/#organization\",\"name\":\"ITW Industrial Solutions\",\"url\":\"https:\\\/\\\/itwindustrialsolutions.com\\\/de\\\/\",\"logo\":{\"@type\":\"ImageObject\",\"inLanguage\":\"de\",\"@id\":\"https:\\\/\\\/itwindustrialsolutions.com\\\/de\\\/#\\\/schema\\\/logo\\\/image\\\/\",\"url\":\"https:\\\/\\\/itwindustrialsolutions.com\\\/wp-content\\\/uploads\\\/2023\\\/09\\\/logo-itw-white.svg\",\"contentUrl\":\"https:\\\/\\\/itwindustrialsolutions.com\\\/wp-content\\\/uploads\\\/2023\\\/09\\\/logo-itw-white.svg\",\"caption\":\"ITW Industrial Solutions\"},\"image\":{\"@id\":\"https:\\\/\\\/itwindustrialsolutions.com\\\/de\\\/#\\\/schema\\\/logo\\\/image\\\/\"}}]}<\/script>\n<!-- \/ Yoast SEO plugin. -->","yoast_head_json":{"title":"Rechtliches - ITW Industrial Solutions","robots":{"index":"index","follow":"follow","max-snippet":"max-snippet:-1","max-image-preview":"max-image-preview:large","max-video-preview":"max-video-preview:-1"},"canonical":"https:\/\/itwindustrialsolutions.com\/de\/rechtliches\/","og_locale":"de_DE","og_type":"article","og_title":"Rechtliches - ITW Industrial Solutions","og_description":"Willkommen auf unserer Webseite. Wenn Sie diese Website weiterhin durchsuchen und nutzen, stimmen Sie zu, die folgenden Nutzungsbedingungen einzuhalten und an diese gebunden zu sein, die zusammen mit unserer Datenschutzrichtlinie die Beziehung von ITW LLC &amp; Co. KG zu Ihnen in Bezug auf diese Website regeln. Wenn Sie mit irgendeinem Teil dieser Gesch\u00e4ftsbedingungen nicht einverstanden [&hellip;]","og_url":"https:\/\/itwindustrialsolutions.com\/de\/rechtliches\/","og_site_name":"ITW Industrial Solutions","article_modified_time":"2022-11-25T09:42:58+00:00","og_image":[{"width":1920,"height":1274,"url":"https:\/\/itwindustrialsolutions.com\/wp-content\/uploads\/2022\/12\/metal-marking-inks-jpg.webp","type":"image\/jpeg"}],"twitter_card":"summary_large_image","twitter_misc":{"Gesch\u00e4tzte Lesezeit":"2\u00a0Minuten"},"schema":{"@context":"https:\/\/schema.org","@graph":[{"@type":"WebPage","@id":"https:\/\/itwindustrialsolutions.com\/de\/rechtliches\/","url":"https:\/\/itwindustrialsolutions.com\/de\/rechtliches\/","name":"Rechtliches - ITW Industrial Solutions","isPartOf":{"@id":"https:\/\/itwindustrialsolutions.com\/de\/#website"},"primaryImageOfPage":{"@id":"https:\/\/itwindustrialsolutions.com\/de\/rechtliches\/#primaryimage"},"image":{"@id":"https:\/\/itwindustrialsolutions.com\/de\/rechtliches\/#primaryimage"},"thumbnailUrl":"https:\/\/itwindustrialsolutions.com\/wp-content\/uploads\/2022\/12\/metal-marking-inks-jpg.webp","datePublished":"2022-11-16T14:36:11+00:00","dateModified":"2022-11-25T09:42:58+00:00","breadcrumb":{"@id":"https:\/\/itwindustrialsolutions.com\/de\/rechtliches\/#breadcrumb"},"inLanguage":"de","potentialAction":[{"@type":"ReadAction","target":["https:\/\/itwindustrialsolutions.com\/de\/rechtliches\/"]}]},{"@type":"ImageObject","inLanguage":"de","@id":"https:\/\/itwindustrialsolutions.com\/de\/rechtliches\/#primaryimage","url":"https:\/\/itwindustrialsolutions.com\/wp-content\/uploads\/2022\/12\/metal-marking-inks-jpg.webp","contentUrl":"https:\/\/itwindustrialsolutions.com\/wp-content\/uploads\/2022\/12\/metal-marking-inks-jpg.webp","width":1920,"height":1274},{"@type":"BreadcrumbList","@id":"https:\/\/itwindustrialsolutions.com\/de\/rechtliches\/#breadcrumb","itemListElement":[{"@type":"ListItem","position":1,"name":"Heim","item":"https:\/\/itwindustrialsolutions.com\/de\/"},{"@type":"ListItem","position":2,"name":"Rechtliches"}]},{"@type":"WebSite","@id":"https:\/\/itwindustrialsolutions.com\/de\/#website","url":"https:\/\/itwindustrialsolutions.com\/de\/","name":"ITW Industrial Solutions","description":"ITW Industrial Solutions","publisher":{"@id":"https:\/\/itwindustrialsolutions.com\/de\/#organization"},"potentialAction":[{"@type":"SearchAction","target":{"@type":"EntryPoint","urlTemplate":"https:\/\/itwindustrialsolutions.com\/de\/?s={search_term_string}"},"query-input":{"@type":"PropertyValueSpecification","valueRequired":true,"valueName":"search_term_string"}}],"inLanguage":"de"},{"@type":"Organization","@id":"https:\/\/itwindustrialsolutions.com\/de\/#organization","name":"ITW Industrial Solutions","url":"https:\/\/itwindustrialsolutions.com\/de\/","logo":{"@type":"ImageObject","inLanguage":"de","@id":"https:\/\/itwindustrialsolutions.com\/de\/#\/schema\/logo\/image\/","url":"https:\/\/itwindustrialsolutions.com\/wp-content\/uploads\/2023\/09\/logo-itw-white.svg","contentUrl":"https:\/\/itwindustrialsolutions.com\/wp-content\/uploads\/2023\/09\/logo-itw-white.svg","caption":"ITW Industrial Solutions"},"image":{"@id":"https:\/\/itwindustrialsolutions.com\/de\/#\/schema\/logo\/image\/"}}]}},"_links":{"self":[{"href":"https:\/\/itwindustrialsolutions.com\/de\/wp-json\/wp\/v2\/pages\/2989","targetHints":{"allow":["GET"]}}],"collection":[{"href":"https:\/\/itwindustrialsolutions.com\/de\/wp-json\/wp\/v2\/pages"}],"about":[{"href":"https:\/\/itwindustrialsolutions.com\/de\/wp-json\/wp\/v2\/types\/page"}],"author":[{"embeddable":true,"href":"https:\/\/itwindustrialsolutions.com\/de\/wp-json\/wp\/v2\/users\/5"}],"replies":[{"embeddable":true,"href":"https:\/\/itwindustrialsolutions.com\/de\/wp-json\/wp\/v2\/comments?post=2989"}],"version-history":[{"count":0,"href":"https:\/\/itwindustrialsolutions.com\/de\/wp-json\/wp\/v2\/pages\/2989\/revisions"}],"wp:featuredmedia":[{"embeddable":true,"href":"https:\/\/itwindustrialsolutions.com\/de\/wp-json\/wp\/v2\/media\/3388"}],"wp:attachment":[{"href":"https:\/\/itwindustrialsolutions.com\/de\/wp-json\/wp\/v2\/media?parent=2989"}],"curies":[{"name":"wp","href":"https:\/\/api.w.org\/{rel}","templated":true}]}}