{"id":3003,"date":"2022-11-16T14:57:58","date_gmt":"2022-11-16T14:57:58","guid":{"rendered":"https:\/\/itwindustrialsolutions.com\/impressum\/"},"modified":"2022-11-24T13:30:03","modified_gmt":"2022-11-24T13:30:03","slug":"impressum","status":"publish","type":"page","link":"https:\/\/itwindustrialsolutions.com\/de\/impressum\/","title":{"rendered":"Impressum"},"content":{"rendered":"\n<p><span style=\"color: var(--theme-palette-color-8, #ffffff);\" class=\"stk-highlight\"><strong>ITW Industrial Solutions<\/strong><\/span><br\/>Am Eichenbach 14, 73054 Eislingen\/Fils<\/p>\n\n<p>Telephone: +49 (0) 800 627 3002<br\/>Fax: +49 (0) 7041 9634-29<br\/>WhatsApp: +49 (0) 7041 9634-24<br\/><a href=\"https:\/\/www.itwindustrialsolutions.com\/\">www.itwindustrialsolutions.com<\/a><br\/><a href=\"mailto:info@itwindustrialsolutions.com\" target=\"_blank\" rel=\"noreferrer noopener\">info@itwindustrialsolutions.com<\/a><br\/><br\/><strong><span style=\"color: var(--theme-palette-color-8, #ffffff);\" class=\"stk-highlight\">Gesch\u00e4ftsf\u00fchrer:<\/span><\/strong><br\/>Thomas Ehmans<br\/><strong><br\/><span style=\"color: var(--theme-palette-color-8, #ffffff);\" class=\"stk-highlight\">Sitz der Gesellschaft: <\/span><\/strong><br\/>D\u00fcsseldorf (HRA 23084)<br\/>V.A.T ID Number: DE 811413108<br\/>TAX ID : 103\/5827\/1847<\/p>\n\n<p><strong><span style=\"color: var(--theme-palette-color-8, #ffffff);\" class=\"stk-highlight\">Komplement\u00e4r:<\/span><\/strong><br\/>ITW German Management LLC<br\/><br\/><strong><span style=\"color: var(--theme-palette-color-8, #ffffff);\" class=\"stk-highlight\">Sitz der Gesellschaft:<\/span><\/strong><br\/>D\u00fcsseldorf<\/p>\n\n<h3 class=\"wp-block-heading\" id=\"legal-notices-and-terms\"><strong>Rechtliche Hinweise und Bedingungen:<\/strong><\/h3>\n\n<p>Diese Seite wird von ITW LLC &amp; Co. KG &#8211; Eislingen\/Fils zur Verf\u00fcgung gestellt und darf nur zu Informationszwecken verwendet werden. Mit der Nutzung der Website erkl\u00e4ren Sie sich mit den rechtlichen Hinweisen und Bedingungen einverstanden, die in diesem Hinweis aufgef\u00fchrt sind. Wenn Sie die rechtlichen Hinweise und Bedingungen nicht akzeptieren, d\u00fcrfen Sie die Website nicht nutzen.<\/p>\n\n<h4 class=\"wp-block-heading\" id=\"1-content\">1. Inhalt<\/h4>\n\n<p>ITW LLC &amp; Co. KG &#8211; Eislingen\/Fils \u00fcbernimmt keinerlei Gew\u00e4hr f\u00fcr die Aktualit\u00e4t, Korrektheit, Vollst\u00e4ndigkeit oder Qualit\u00e4t der bereitgestellten Informationen. Haftungsanspr\u00fcche, die sich auf Sch\u00e4den materieller oder ideeller Art beziehen, welche durch die Nutzung der Website oder durch die Nutzung der auf der Website bereitgestellten Informationen verursacht wurden, einschlie\u00dflich unvollst\u00e4ndiger oder unrichtiger Informationen, werden daher zur\u00fcckgewiesen. Alle Angebote sind freibleibend und unverbindlich. Die ITW LLC &amp; Co. KG &#8211; Eislingen\/Fils beh\u00e4lt es sich ausdr\u00fccklich vor, Teile der Seiten oder das gesamte Angebot ohne gesonderte Ank\u00fcndigung zu ver\u00e4ndern, zu erg\u00e4nzen, zu l\u00f6schen oder die Ver\u00f6ffentlichung zeitweise oder endg\u00fcltig einzustellen. KG &#8211; Eislingen\/Fils ohne gesonderte Ank\u00fcndigung ge\u00e4ndert oder erg\u00e4nzt werden.<\/p>\n\n<h4 class=\"wp-block-heading\" id=\"2-referrals-and-links\">2. Verweise und Links<\/h4>\n\n<p>ITW LLC &amp; Co. KG &#8211; Eislingen\/Fils ist nicht verantwortlich f\u00fcr die Inhalte von Seiten, die mit dieser Seite verlinkt sind oder auf die verwiesen wird. F\u00fcr den Inhalt der verlinkten Seiten sind ausschlie\u00dflich deren Betreiber verantwortlich, nicht aber derjenige, der auf diese Seiten verlinkt hat.<\/p>\n\n<h4 class=\"wp-block-heading\" id=\"3-copyright\">3. Urheberrecht<\/h4>\n\n<p>\u00a9 Copyright ITW LLC &amp; Co. KG \u2013 Eislingen\/Fils. Alle Rechte vorbehalten. Sofern nicht anders angegeben, sind die Urheberrechte und \u00e4hnliche Rechte an den Inhalten dieser Website, einschlie\u00dflich, aber nicht beschr\u00e4nkt auf alle Texte, Designs und Bilder, die hier erscheinen, urheberrechtlich gesch\u00fctzte Werke von ITW LLC &amp; Co. KG &#8211; Eislingen\/Fils. Es ist Ihnen gestattet, Ausz\u00fcge aus dem Material dieser Website f\u00fcr Ihren pers\u00f6nlichen Gebrauch auszudrucken oder herunterzuladen, solange jede Kopie oder sonstige Reproduktion den oben genannten Urheberrechtshinweis enth\u00e4lt. Keines der auf dieser Website enthaltenen Materialien darf f\u00fcr kommerzielle oder \u00f6ffentliche Zwecke verwendet werden. Ohne vorherige schriftliche Genehmigung der ITW LLC &amp; Co. KG &#8211; Eislingen\/Fils darf kein Material dieser Website in irgendeiner Form, weder elektronisch noch nicht-elektronisch, verbreitet oder in ein Abfragesystem oder einen Dienst aufgenommen werden. KG &#8211; Eislingen\/Fils.<\/p>\n\n<h4 class=\"wp-block-heading\" id=\"4-privacy-policy\">4. Datenschutz<\/h4>\n\n<p>Sofern die M\u00f6glichkeit zur Eingabe pers\u00f6nlicher oder gesch\u00e4ftlicher Daten (E-Mail-Adressen, Namen, Anschriften) besteht, so erfolgt die Preisgabe dieser Daten freiwillig. Die Verwendung der ver\u00f6ffentlichten Postanschriften, Telefon- oder Faxnummern sowie E-Mail-Adressen zu Werbezwecken ist untersagt, Zuwiderhandlungen gegen das Versenden unerw\u00fcnschter Spam-Nachrichten werden geahndet. <\/p>\n\n<h4 class=\"wp-block-heading\" id=\"5-legal-validity-of-legal-notices-and-terms\">5. Rechtswirksamkeit der rechtlichen Hinweise und Nutzungsbedingungen<\/h4>\n\n<p>Diese rechtlichen Hinweise und Bedingungen sind als Teil der Website zu betrachten, von der aus auf diese Seite verwiesen wurde. Sofern Teile oder einzelne Formulierungen dieses Textes der geltenden Rechtslage nicht, nicht mehr oder nicht vollst\u00e4ndig entsprechen sollten, bleiben die \u00fcbrigen Teile des Dokumentes in ihrem Inhalt und ihrer G\u00fcltigkeit davon unber\u00fchrt.<\/p>\n\n<h4 class=\"wp-block-heading\" id=\"6-german-law\">6. Deutsches Recht<\/h4>\n\n<p>Diese Website wird betrieben, kontrolliert und verwaltet von ITW LLC &amp; Co. KG &#8211; Eislingen\/Fils, Am Eichenbach 1473054 Eislingen\/Fils, Deutschland. ITW LLC &amp; Co. KG &#8211; Eislingen\/Fils gew\u00e4hrleistet in keiner Weise, dass die auf dieser Website bereitgestellten Informationen f\u00fcr die Nutzung an anderen Orten au\u00dferhalb Deutschlands geeignet sind, und der Zugriff auf oder die Nutzung der Informationen von Gebieten aus, in denen ihr Inhalt illegal ist, ist verboten. Es ist nicht gestattet, die Website zu nutzen oder die Informationen unter Verletzung von Gesetzen und Vorschriften zu exportieren. Wenn Sie diese Website und die Informationen au\u00dferhalb Deutschlands nutzen, sind Sie f\u00fcr die Einhaltung aller lokalen Gesetze verantwortlich.<br\/><br\/>Diese rechtlichen Hinweise und Nutzungsbedingungen unterliegen ausschlie\u00dflich dem Recht der Bundesrepublik Deutschland.<\/p>\n","protected":false},"excerpt":{"rendered":"<p>ITW Industrial SolutionsAm Eichenbach 14, 73054 Eislingen\/Fils Telephone: +49 (0) 800 627 3002Fax: +49 (0) 7041 9634-29WhatsApp: +49 (0) 7041 9634-24www.itwindustrialsolutions.cominfo@itwindustrialsolutions.com Gesch\u00e4ftsf\u00fchrer:Thomas EhmansSitz der Gesellschaft: D\u00fcsseldorf (HRA 23084)V.A.T ID Number: DE 811413108TAX ID : 103\/5827\/1847 Komplement\u00e4r:ITW German Management LLC Sitz der Gesellschaft:D\u00fcsseldorf Rechtliche Hinweise und Bedingungen: Diese Seite wird von ITW LLC &amp; Co. KG [&hellip;]<\/p>\n","protected":false},"author":5,"featured_media":3388,"parent":0,"menu_order":0,"comment_status":"closed","ping_status":"closed","template":"","meta":{"_acf_changed":false,"content-type":"","ghostkit_customizer_options":"","ghostkit_custom_css":"","ghostkit_custom_js_head":"","ghostkit_custom_js_foot":"","ghostkit_typography":"","footnotes":""},"class_list":["post-3003","page","type-page","status-publish","has-post-thumbnail","hentry"],"blocksy_meta":{"styles_descriptor":{"styles":{"desktop":"","tablet":"","mobile":""},"google_fonts":[],"version":6},"page_title_panel":"","has_hero_section":"default","246d65c1a66b10f9936ffccea94c0e3f":"","hero_section":"type-1","hero_elements":[{"id":"custom_title","enabled":true,"heading_tag":"h1","title":"Home"},{"id":"custom_description","enabled":true,"description_visibility":{"desktop":true,"tablet":true,"mobile":false}},{"id":"custom_meta","enabled":false,"meta_elements":[{"id":"author","enabled":true,"label":"By","has_author_avatar":"yes","avatar_size":25},{"id":"post_date","enabled":true,"label":"On","date_format_source":"default","date_format":"M j, Y"},{"id":"updated_date","enabled":false,"label":"On","date_format_source":"default","date_format":"M j, Y"},{"id":"categories","enabled":false,"label":"In","style":"simple"},{"id":"comments","enabled":true}],"page_meta_elements":{"joined":true,"articles_count":true,"comments":true}},{"id":"breadcrumbs","enabled":false}],"7bf518094d1b22a3210b69ab9cd701e2":"","hero_alignment1":"CT_CSS_SKIP_RULE","hero_margin":40,"hero_alignment2":"center","hero_vertical_alignment":"center","969ada19372ed05786aa74aadfd793c9":"","hero_structure":"narrow","d1439baf0b3bf6345967158e4038aea3":"","page_title_bg_type":"featured_image","custom_hero_background":{"attachment_id":null},"page_title_image_size":"full","parallax":{"desktop":false,"tablet":false,"mobile":false},"4d8349a3bdd19906b3bb0a8e2c018fb2":"","hero_height":"250px","pageTitleFont":{"family":"Default","variation":"Default","size":"30px","line-height":"CT_CSS_SKIP_RULE","letter-spacing":"CT_CSS_SKIP_RULE","text-transform":"CT_CSS_SKIP_RULE","text-decoration":"CT_CSS_SKIP_RULE"},"pageTitleFontColor":{"default":{"color":"CT_CSS_SKIP_RULEDEFAULT"}},"pageMetaFont":{"family":"Default","variation":"n6","size":"12px","line-height":"1.3","letter-spacing":"CT_CSS_SKIP_RULE","text-transform":"uppercase","text-decoration":"CT_CSS_SKIP_RULE"},"pageMetaFontColor":{"default":{"color":"CT_CSS_SKIP_RULEDEFAULT"},"hover":{"color":"CT_CSS_SKIP_RULEDEFAULT"}},"page_meta_button_type_font_colors":{"default":{"color":"CT_CSS_SKIP_RULEDEFAULT"},"hover":{"color":"CT_CSS_SKIP_RULEDEFAULT"}},"page_meta_button_type_background_colors":{"default":{"color":"CT_CSS_SKIP_RULEDEFAULT"},"hover":{"color":"CT_CSS_SKIP_RULEDEFAULT"}},"pageExcerptFont":{"family":"Default","variation":"Default","size":"CT_CSS_SKIP_RULE","line-height":"CT_CSS_SKIP_RULE","letter-spacing":"CT_CSS_SKIP_RULE","text-transform":"CT_CSS_SKIP_RULE","text-decoration":"CT_CSS_SKIP_RULE"},"pageExcerptColor":{"default":{"color":"CT_CSS_SKIP_RULEDEFAULT"}},"breadcrumbsFont":{"family":"Default","variation":"Default","size":"CT_CSS_SKIP_RULE","line-height":"CT_CSS_SKIP_RULE","letter-spacing":"CT_CSS_SKIP_RULE","text-transform":"CT_CSS_SKIP_RULE","text-decoration":"CT_CSS_SKIP_RULE"},"breadcrumbsFontColor":{"default":{"color":"CT_CSS_SKIP_RULEDEFAULT"},"initial":{"color":"CT_CSS_SKIP_RULEDEFAULT"},"hover":{"color":"CT_CSS_SKIP_RULEDEFAULT"}},"pageTitleOverlay":{"background_type":"color","background_pattern":"type-1","background_image":{"attachment_id":null,"x":0,"y":0},"gradient":"linear-gradient(135deg,rgba(6,147,227,1) 0%,rgb(155,81,224) 100%)","background_repeat":"repeat","background_size":"auto","background_attachment":"scroll","patternColor":{"default":{"color":"#e5e7ea"}},"overlayColor":{"default":{"color":"CT_CSS_SKIP_RULE"}},"backgroundColor":{"default":{"color":"CT_CSS_SKIP_RULE"}}},"pageTitleBackground":{"background_type":"color","background_pattern":"type-1","background_image":{"attachment_id":null,"x":0,"y":0},"gradient":"linear-gradient(135deg,rgba(6,147,227,1) 0%,rgb(155,81,224) 100%)","background_repeat":"repeat","background_size":"auto","background_attachment":"scroll","patternColor":{"default":{"color":"#e5e7ea"}},"overlayColor":{"default":{"color":"CT_CSS_SKIP_RULE"}},"backgroundColor":{"default":{"color":"var(--theme-palette-color-6)"}}},"pageTitlePadding":{"top":"50px","bottom":"50px","left":"auto","right":"auto","linked":true},"ddf44c32c404875c8d19c8babeb1d7fa":"","page_structure_type":"type-1","239f12c2c68982c473e0e329410c77d5":"","content_style_source":"inherit","content_style":"wide","vertical_spacing_source":"inherit","content_area_spacing":"both","background":{"background_type":"color","background_pattern":"type-1","background_image":{"attachment_id":null,"x":0,"y":0},"gradient":"linear-gradient(135deg,rgba(6,147,227,1) 0%,rgb(155,81,224) 100%)","background_repeat":"repeat","background_size":"auto","background_attachment":"scroll","patternColor":{"default":{"color":"#e5e7ea"}},"overlayColor":{"default":{"color":"CT_CSS_SKIP_RULE"}},"backgroundColor":{"default":{"color":"CT_CSS_SKIP_RULE"}}},"content_background":{"background_type":"color","background_pattern":"type-1","background_image":{"attachment_id":null,"x":0,"y":0},"gradient":"linear-gradient(135deg,rgba(6,147,227,1) 0%,rgb(155,81,224) 100%)","background_repeat":"repeat","background_size":"auto","background_attachment":"scroll","patternColor":{"default":{"color":"#e5e7ea"}},"overlayColor":{"default":{"color":"CT_CSS_SKIP_RULE"}},"backgroundColor":{"default":{"color":"var(--theme-palette-color-8)"}}},"content_boxed_shadow":{"inherit":false,"blur":18,"spread":-6,"v_offset":12,"h_offset":0,"inset":false,"enable":true,"color":{"color":"rgba(34, 56, 101, 0.04)"}},"content_boxed_border":{"width":1,"style":"none","color":{"color":"rgba(44,62,80,0.2)"}},"content_boxed_radius":{"top":"3px","bottom":"3px","left":"3px","right":"3px","linked":true},"boxed_content_spacing":{"desktop":{"top":"40px","bottom":"40px","left":"40px","right":"40px","linked":true},"tablet":{"top":"35px","bottom":"35px","left":"35px","right":"35px","linked":true},"mobile":{"top":"20px","bottom":"20px","left":"20px","right":"20px","linked":true}},"946ab8d60788e62aeb383a9d9d2b6932":"","disable_featured_image":"no","disable_share_box":"no","disable_header":"no","disable_footer":"no","5bf352300d4510f5b514698a7d512bc5":"","12afe922a737a205155b33ec6ce62d36":"","bdd31097046b7c6585d20359bb535b25":"","2fe80a1feae2a300553be55c6f95973f":"","820b56d803f7c32c4265a1514654b2d2":"","5d7724df65b077b039d89c2629816acc":"","c3dcce40ac5687e2523f98c9c4fe7b9f":"","335bb0c40fe495b5513fa5c3eacb85df":""},"acf":[],"yoast_head":"<!-- This site is optimized with the Yoast SEO plugin v27.4 - https:\/\/yoast.com\/product\/yoast-seo-wordpress\/ -->\n<title>Impressum - ITW Industrial Solutions<\/title>\n<meta name=\"robots\" content=\"index, follow, max-snippet:-1, max-image-preview:large, max-video-preview:-1\" \/>\n<link rel=\"canonical\" href=\"https:\/\/itwindustrialsolutions.com\/de\/impressum\/\" \/>\n<meta property=\"og:locale\" content=\"de_DE\" \/>\n<meta property=\"og:type\" content=\"article\" \/>\n<meta property=\"og:title\" content=\"Impressum - ITW Industrial Solutions\" \/>\n<meta property=\"og:description\" content=\"ITW Industrial SolutionsAm Eichenbach 14, 73054 Eislingen\/Fils Telephone: +49 (0) 800 627 3002Fax: +49 (0) 7041 9634-29WhatsApp: +49 (0) 7041 9634-24www.itwindustrialsolutions.cominfo@itwindustrialsolutions.com Gesch\u00e4ftsf\u00fchrer:Thomas EhmansSitz der Gesellschaft: D\u00fcsseldorf (HRA 23084)V.A.T ID Number: DE 811413108TAX ID : 103\/5827\/1847 Komplement\u00e4r:ITW German Management LLC Sitz der Gesellschaft:D\u00fcsseldorf Rechtliche Hinweise und Bedingungen: Diese Seite wird von ITW LLC &amp; Co. KG [&hellip;]\" \/>\n<meta property=\"og:url\" content=\"https:\/\/itwindustrialsolutions.com\/de\/impressum\/\" \/>\n<meta property=\"og:site_name\" content=\"ITW Industrial Solutions\" \/>\n<meta property=\"article:modified_time\" content=\"2022-11-24T13:30:03+00:00\" \/>\n<meta property=\"og:image\" content=\"https:\/\/itwindustrialsolutions.com\/wp-content\/uploads\/2022\/12\/metal-marking-inks-jpg.webp\" \/>\n\t<meta property=\"og:image:width\" content=\"1920\" \/>\n\t<meta property=\"og:image:height\" content=\"1274\" \/>\n\t<meta property=\"og:image:type\" content=\"image\/jpeg\" \/>\n<meta name=\"twitter:card\" content=\"summary_large_image\" \/>\n<meta name=\"twitter:label1\" content=\"Gesch\u00e4tzte Lesezeit\" \/>\n\t<meta name=\"twitter:data1\" content=\"3\u00a0Minuten\" \/>\n<script type=\"application\/ld+json\" class=\"yoast-schema-graph\">{\"@context\":\"https:\\\/\\\/schema.org\",\"@graph\":[{\"@type\":\"WebPage\",\"@id\":\"https:\\\/\\\/itwindustrialsolutions.com\\\/de\\\/impressum\\\/\",\"url\":\"https:\\\/\\\/itwindustrialsolutions.com\\\/de\\\/impressum\\\/\",\"name\":\"Impressum - ITW Industrial Solutions\",\"isPartOf\":{\"@id\":\"https:\\\/\\\/itwindustrialsolutions.com\\\/de\\\/#website\"},\"primaryImageOfPage\":{\"@id\":\"https:\\\/\\\/itwindustrialsolutions.com\\\/de\\\/impressum\\\/#primaryimage\"},\"image\":{\"@id\":\"https:\\\/\\\/itwindustrialsolutions.com\\\/de\\\/impressum\\\/#primaryimage\"},\"thumbnailUrl\":\"https:\\\/\\\/itwindustrialsolutions.com\\\/wp-content\\\/uploads\\\/2022\\\/12\\\/metal-marking-inks-jpg.webp\",\"datePublished\":\"2022-11-16T14:57:58+00:00\",\"dateModified\":\"2022-11-24T13:30:03+00:00\",\"breadcrumb\":{\"@id\":\"https:\\\/\\\/itwindustrialsolutions.com\\\/de\\\/impressum\\\/#breadcrumb\"},\"inLanguage\":\"de\",\"potentialAction\":[{\"@type\":\"ReadAction\",\"target\":[\"https:\\\/\\\/itwindustrialsolutions.com\\\/de\\\/impressum\\\/\"]}]},{\"@type\":\"ImageObject\",\"inLanguage\":\"de\",\"@id\":\"https:\\\/\\\/itwindustrialsolutions.com\\\/de\\\/impressum\\\/#primaryimage\",\"url\":\"https:\\\/\\\/itwindustrialsolutions.com\\\/wp-content\\\/uploads\\\/2022\\\/12\\\/metal-marking-inks-jpg.webp\",\"contentUrl\":\"https:\\\/\\\/itwindustrialsolutions.com\\\/wp-content\\\/uploads\\\/2022\\\/12\\\/metal-marking-inks-jpg.webp\",\"width\":1920,\"height\":1274},{\"@type\":\"BreadcrumbList\",\"@id\":\"https:\\\/\\\/itwindustrialsolutions.com\\\/de\\\/impressum\\\/#breadcrumb\",\"itemListElement\":[{\"@type\":\"ListItem\",\"position\":1,\"name\":\"Heim\",\"item\":\"https:\\\/\\\/itwindustrialsolutions.com\\\/de\\\/\"},{\"@type\":\"ListItem\",\"position\":2,\"name\":\"Impressum\"}]},{\"@type\":\"WebSite\",\"@id\":\"https:\\\/\\\/itwindustrialsolutions.com\\\/de\\\/#website\",\"url\":\"https:\\\/\\\/itwindustrialsolutions.com\\\/de\\\/\",\"name\":\"ITW Industrial Solutions\",\"description\":\"ITW Industrial Solutions\",\"publisher\":{\"@id\":\"https:\\\/\\\/itwindustrialsolutions.com\\\/de\\\/#organization\"},\"potentialAction\":[{\"@type\":\"SearchAction\",\"target\":{\"@type\":\"EntryPoint\",\"urlTemplate\":\"https:\\\/\\\/itwindustrialsolutions.com\\\/de\\\/?s={search_term_string}\"},\"query-input\":{\"@type\":\"PropertyValueSpecification\",\"valueRequired\":true,\"valueName\":\"search_term_string\"}}],\"inLanguage\":\"de\"},{\"@type\":\"Organization\",\"@id\":\"https:\\\/\\\/itwindustrialsolutions.com\\\/de\\\/#organization\",\"name\":\"ITW Industrial Solutions\",\"url\":\"https:\\\/\\\/itwindustrialsolutions.com\\\/de\\\/\",\"logo\":{\"@type\":\"ImageObject\",\"inLanguage\":\"de\",\"@id\":\"https:\\\/\\\/itwindustrialsolutions.com\\\/de\\\/#\\\/schema\\\/logo\\\/image\\\/\",\"url\":\"https:\\\/\\\/itwindustrialsolutions.com\\\/wp-content\\\/uploads\\\/2023\\\/09\\\/logo-itw-white.svg\",\"contentUrl\":\"https:\\\/\\\/itwindustrialsolutions.com\\\/wp-content\\\/uploads\\\/2023\\\/09\\\/logo-itw-white.svg\",\"caption\":\"ITW Industrial Solutions\"},\"image\":{\"@id\":\"https:\\\/\\\/itwindustrialsolutions.com\\\/de\\\/#\\\/schema\\\/logo\\\/image\\\/\"}}]}<\/script>\n<!-- \/ Yoast SEO plugin. -->","yoast_head_json":{"title":"Impressum - ITW Industrial Solutions","robots":{"index":"index","follow":"follow","max-snippet":"max-snippet:-1","max-image-preview":"max-image-preview:large","max-video-preview":"max-video-preview:-1"},"canonical":"https:\/\/itwindustrialsolutions.com\/de\/impressum\/","og_locale":"de_DE","og_type":"article","og_title":"Impressum - ITW Industrial Solutions","og_description":"ITW Industrial SolutionsAm Eichenbach 14, 73054 Eislingen\/Fils Telephone: +49 (0) 800 627 3002Fax: +49 (0) 7041 9634-29WhatsApp: +49 (0) 7041 9634-24www.itwindustrialsolutions.cominfo@itwindustrialsolutions.com Gesch\u00e4ftsf\u00fchrer:Thomas EhmansSitz der Gesellschaft: D\u00fcsseldorf (HRA 23084)V.A.T ID Number: DE 811413108TAX ID : 103\/5827\/1847 Komplement\u00e4r:ITW German Management LLC Sitz der Gesellschaft:D\u00fcsseldorf Rechtliche Hinweise und Bedingungen: Diese Seite wird von ITW LLC &amp; Co. KG [&hellip;]","og_url":"https:\/\/itwindustrialsolutions.com\/de\/impressum\/","og_site_name":"ITW Industrial Solutions","article_modified_time":"2022-11-24T13:30:03+00:00","og_image":[{"width":1920,"height":1274,"url":"https:\/\/itwindustrialsolutions.com\/wp-content\/uploads\/2022\/12\/metal-marking-inks-jpg.webp","type":"image\/jpeg"}],"twitter_card":"summary_large_image","twitter_misc":{"Gesch\u00e4tzte Lesezeit":"3\u00a0Minuten"},"schema":{"@context":"https:\/\/schema.org","@graph":[{"@type":"WebPage","@id":"https:\/\/itwindustrialsolutions.com\/de\/impressum\/","url":"https:\/\/itwindustrialsolutions.com\/de\/impressum\/","name":"Impressum - ITW Industrial Solutions","isPartOf":{"@id":"https:\/\/itwindustrialsolutions.com\/de\/#website"},"primaryImageOfPage":{"@id":"https:\/\/itwindustrialsolutions.com\/de\/impressum\/#primaryimage"},"image":{"@id":"https:\/\/itwindustrialsolutions.com\/de\/impressum\/#primaryimage"},"thumbnailUrl":"https:\/\/itwindustrialsolutions.com\/wp-content\/uploads\/2022\/12\/metal-marking-inks-jpg.webp","datePublished":"2022-11-16T14:57:58+00:00","dateModified":"2022-11-24T13:30:03+00:00","breadcrumb":{"@id":"https:\/\/itwindustrialsolutions.com\/de\/impressum\/#breadcrumb"},"inLanguage":"de","potentialAction":[{"@type":"ReadAction","target":["https:\/\/itwindustrialsolutions.com\/de\/impressum\/"]}]},{"@type":"ImageObject","inLanguage":"de","@id":"https:\/\/itwindustrialsolutions.com\/de\/impressum\/#primaryimage","url":"https:\/\/itwindustrialsolutions.com\/wp-content\/uploads\/2022\/12\/metal-marking-inks-jpg.webp","contentUrl":"https:\/\/itwindustrialsolutions.com\/wp-content\/uploads\/2022\/12\/metal-marking-inks-jpg.webp","width":1920,"height":1274},{"@type":"BreadcrumbList","@id":"https:\/\/itwindustrialsolutions.com\/de\/impressum\/#breadcrumb","itemListElement":[{"@type":"ListItem","position":1,"name":"Heim","item":"https:\/\/itwindustrialsolutions.com\/de\/"},{"@type":"ListItem","position":2,"name":"Impressum"}]},{"@type":"WebSite","@id":"https:\/\/itwindustrialsolutions.com\/de\/#website","url":"https:\/\/itwindustrialsolutions.com\/de\/","name":"ITW Industrial Solutions","description":"ITW Industrial Solutions","publisher":{"@id":"https:\/\/itwindustrialsolutions.com\/de\/#organization"},"potentialAction":[{"@type":"SearchAction","target":{"@type":"EntryPoint","urlTemplate":"https:\/\/itwindustrialsolutions.com\/de\/?s={search_term_string}"},"query-input":{"@type":"PropertyValueSpecification","valueRequired":true,"valueName":"search_term_string"}}],"inLanguage":"de"},{"@type":"Organization","@id":"https:\/\/itwindustrialsolutions.com\/de\/#organization","name":"ITW Industrial Solutions","url":"https:\/\/itwindustrialsolutions.com\/de\/","logo":{"@type":"ImageObject","inLanguage":"de","@id":"https:\/\/itwindustrialsolutions.com\/de\/#\/schema\/logo\/image\/","url":"https:\/\/itwindustrialsolutions.com\/wp-content\/uploads\/2023\/09\/logo-itw-white.svg","contentUrl":"https:\/\/itwindustrialsolutions.com\/wp-content\/uploads\/2023\/09\/logo-itw-white.svg","caption":"ITW Industrial Solutions"},"image":{"@id":"https:\/\/itwindustrialsolutions.com\/de\/#\/schema\/logo\/image\/"}}]}},"_links":{"self":[{"href":"https:\/\/itwindustrialsolutions.com\/de\/wp-json\/wp\/v2\/pages\/3003","targetHints":{"allow":["GET"]}}],"collection":[{"href":"https:\/\/itwindustrialsolutions.com\/de\/wp-json\/wp\/v2\/pages"}],"about":[{"href":"https:\/\/itwindustrialsolutions.com\/de\/wp-json\/wp\/v2\/types\/page"}],"author":[{"embeddable":true,"href":"https:\/\/itwindustrialsolutions.com\/de\/wp-json\/wp\/v2\/users\/5"}],"replies":[{"embeddable":true,"href":"https:\/\/itwindustrialsolutions.com\/de\/wp-json\/wp\/v2\/comments?post=3003"}],"version-history":[{"count":0,"href":"https:\/\/itwindustrialsolutions.com\/de\/wp-json\/wp\/v2\/pages\/3003\/revisions"}],"wp:featuredmedia":[{"embeddable":true,"href":"https:\/\/itwindustrialsolutions.com\/de\/wp-json\/wp\/v2\/media\/3388"}],"wp:attachment":[{"href":"https:\/\/itwindustrialsolutions.com\/de\/wp-json\/wp\/v2\/media?parent=3003"}],"curies":[{"name":"wp","href":"https:\/\/api.w.org\/{rel}","templated":true}]}}